{"id":1211,"date":"2022-04-25T09:53:41","date_gmt":"2022-04-25T09:53:41","guid":{"rendered":"https:\/\/vila-anna.si\/?page_id=1211"},"modified":"2022-11-14T20:48:46","modified_gmt":"2022-11-14T20:48:46","slug":"activities","status":"publish","type":"page","link":"https:\/\/vila-anna.si\/en\/activities\/","title":{"rendered":"Activities"},"content":{"rendered":"<p>[vc_row fixed_width=&#8221;true&#8221; css=&#8221;.vc_custom_1627562291998{margin-top: 0px !important;margin-bottom: 0px !important;border-top-width: 0px !important;border-bottom-width: 0px !important;padding-top: 10px !important;padding-bottom: 0px !important;}&#8221;][vc_column css=&#8221;.vc_custom_1627562322556{margin-top: 0px !important;margin-bottom: 0px !important;border-top-width: 0px !important;border-bottom-width: 0px !important;padding-top: 0px !important;padding-bottom: 0px !important;}&#8221;][vc_empty_space height=&#8221;45px&#8221;][vc_custom_heading text=&#8221;Activities&#8221; font_container=&#8221;tag:h1|font_size:60px|text_align:center|color:%23cc9966&#8243; google_fonts=&#8221;font_family:Mr%20Bedfort%3Aregular|font_style:400%20regular%3A400%3Anormal&#8221;][vc_empty_space height=&#8221;40px&#8221;]<div class=\"sohohotel-fixed-height-text-image-wrapper sohohotel-clearfix\"><div class=\"sohohotel-fixed-height-text-wrapper sohohotel-fixed-height-text-wrapper-left\"><h3 class=\"sohohotel-title-28px sohohotel-clearfix sohohotel-title-left\">The Pomurje region<\/h3>This dreamy landscape along the Mura River in eastern Slovenia is a land of wide fields and curvy vineyards, storks, klopotec wind-rattles, boat mills, healing waters, energy spots, picturesque vineyards, unique traditions and dialects. But above all, Slovenia\u2019s most agricultural region is inhabited by very hospitable people. Most tourists are drawn to its thermal spas: Zdravili\u0161\u010de Radenci boasts famous mineral waters and a 130-year tradition, Terme 3000 in Moravske Toplice offers great water adventures, Terme Lendava is located in the scenic Lendavske Gorice, and Terme Banovci has the first thermal waters nudist camp in Europe. Kapelske Gorice, the beautiful wine country above Radenci, is renowned for top wines and authentic Prlekija cuisine.<\/div><div class=\"sohohotel-fixed-height-image-wrapper sohohotel-fixed-height-image-wrapper-right\"><div class=\"sohohotel-fixed-height-image\" style=\"background-image: url(https:\/\/vila-anna.si\/wp-content\/uploads\/2022\/05\/akt-pomurje.jpg); background-size: 600px 372px; height: 372px;\"><\/div><\/div><\/div>[vc_separator color=&#8221;custom&#8221; accent_color=&#8221;#dedede&#8221;][vc_empty_space height=&#8221;45px&#8221;]<div class=\"sohohotel-fixed-height-text-image-wrapper sohohotel-clearfix\"><div class=\"sohohotel-fixed-height-text-wrapper sohohotel-fixed-height-text-wrapper-right\"><h3 class=\"sohohotel-title-28px sohohotel-clearfix sohohotel-title-left\">The Radenci Mini Golf<\/h3>The shady Radenci Park hides a mini golf course with 18 holes laid out on good-quality turf. The course features images of Radenci and allows players to learn more about the town through play. Next to the course you can also grab a bite to eat or enjoy a drink.<\/div><div class=\"sohohotel-fixed-height-image-wrapper sohohotel-fixed-height-image-wrapper-left\"><div class=\"sohohotel-fixed-height-image\" style=\"background-image: url(https:\/\/vila-anna.si\/wp-content\/uploads\/2022\/05\/akt-golf.jpg); background-size: 600px 372px; height: 372px;\"><\/div><\/div><\/div>[vc_separator color=&#8221;custom&#8221; accent_color=&#8221;#dedede&#8221;][vc_empty_space height=&#8221;45px&#8221;]<div class=\"sohohotel-fixed-height-text-image-wrapper sohohotel-clearfix\"><div class=\"sohohotel-fixed-height-text-wrapper sohohotel-fixed-height-text-wrapper-left\"><h3 class=\"sohohotel-title-28px sohohotel-clearfix sohohotel-title-left\">The Kapela Wine Fountain<\/h3>The Kapela Wine Fountain is located in the heart of Radgonsko-Kapelske Gorice wine country, at the top of Kapelski Vrh hill, right next to the picturesque Church of St. Mary Magdalene. Its features an array of local wines and other delicacies. Have a glass of wine while enjoying the lovely view across the surrounding landscape.<\/div><div class=\"sohohotel-fixed-height-image-wrapper sohohotel-fixed-height-image-wrapper-right\"><div class=\"sohohotel-fixed-height-image\" style=\"background-image: url(https:\/\/vila-anna.si\/wp-content\/uploads\/2022\/05\/akt-fontana.jpg); background-size: 600px 372px; height: 372px;\"><\/div><\/div><\/div>[vc_separator color=&#8221;custom&#8221; accent_color=&#8221;#dedede&#8221;][vc_empty_space height=&#8221;45px&#8221;]<div class=\"sohohotel-fixed-height-text-image-wrapper sohohotel-clearfix\"><div class=\"sohohotel-fixed-height-text-wrapper sohohotel-fixed-height-text-wrapper-right\"><h3 class=\"sohohotel-title-28px sohohotel-clearfix sohohotel-title-left\">The Zaton Riding Club<\/h3>The Zaton Riding Club in the village of Petanjci has been nurturing its equestrian tradition since 2002. It caters to both beginners and competitive-level riders. It is a part of a lovely centre for tourism and recreational sports, located in an inspiring natural environment. The most interesting feature of Zaton is the fact all lemna species native to Slovenia are thriving in its pond. It does not matter how old you are, what your character is, or where you come from, not even whether you are a good rider \u2013 riding will make you much more, a friend who earned the trust of their horse.<\/div><div class=\"sohohotel-fixed-height-image-wrapper sohohotel-fixed-height-image-wrapper-left\"><div class=\"sohohotel-fixed-height-image\" style=\"background-image: url(https:\/\/vila-anna.si\/wp-content\/uploads\/2022\/05\/akt-zaton.jpg); background-size: 600px 372px; height: 372px;\"><\/div><\/div><\/div>[vc_separator color=&#8221;custom&#8221; accent_color=&#8221;#dedede&#8221;][vc_empty_space height=&#8221;45px&#8221;]<div class=\"sohohotel-fixed-height-text-image-wrapper sohohotel-clearfix\"><div class=\"sohohotel-fixed-height-text-wrapper sohohotel-fixed-height-text-wrapper-left\"><h3 class=\"sohohotel-title-28px sohohotel-clearfix sohohotel-title-left\">The Sikalu Zoo<\/h3>The zoo is located at an estate in the Bora\u010deva village, a stone\u2019s throw away from the health resort. It is surrounded by beautiful forest stretching all the way to the Mura River in the north-east and hilly vineyards in the south-west. The estate is neatly kept up and new animals are brought in regularly. Among other species, the zoo is the home to monk parakeets, Bactrian camels and coatis. A visit to Sikalu Zoo is a delight for the entire family.<\/div><div class=\"sohohotel-fixed-height-image-wrapper sohohotel-fixed-height-image-wrapper-right\"><div class=\"sohohotel-fixed-height-image\" style=\"background-image: url(https:\/\/vila-anna.si\/wp-content\/uploads\/2022\/05\/akt-sikaluzoo.jpg); background-size: 600px 372px; height: 372px;\"><\/div><\/div><\/div>[vc_separator color=&#8221;custom&#8221; accent_color=&#8221;#dedede&#8221;][vc_empty_space height=&#8221;45px&#8221;]<div class=\"sohohotel-fixed-height-text-image-wrapper sohohotel-clearfix\"><div class=\"sohohotel-fixed-height-text-wrapper sohohotel-fixed-height-text-wrapper-right\"><h3 class=\"sohohotel-title-28px sohohotel-clearfix sohohotel-title-left\">The Expano Park<\/h3>The Expano Park brings its visitors a unique experience of Pomurje. Located next to the Sobota Lake on the outskirts of Murska Sobota, the park uses innovative technology to showcase the beauty and delicacies of Pomurje. It offers insight into all corners of the region, which gave it its name: Gate to Pomurje. Experience Pomurje in a unique exhibition that showcases tourist attractions, nature, crafts and cultural heritage through innovative technology.<\/div><div class=\"sohohotel-fixed-height-image-wrapper sohohotel-fixed-height-image-wrapper-left\"><div class=\"sohohotel-fixed-height-image\" style=\"background-image: url(https:\/\/vila-anna.si\/wp-content\/uploads\/2022\/05\/akt-expano.jpg); background-size: 600px 372px; height: 372px;\"><\/div><\/div><\/div>[vc_separator color=&#8221;custom&#8221; accent_color=&#8221;#dedede&#8221;][vc_empty_space height=&#8221;45px&#8221;]<div class=\"sohohotel-fixed-height-text-image-wrapper sohohotel-clearfix\"><div class=\"sohohotel-fixed-height-text-wrapper sohohotel-fixed-height-text-wrapper-left\"><h3 class=\"sohohotel-title-28px sohohotel-clearfix sohohotel-title-left\">Vinarium Lendava<\/h3>KHave you ever been able to let your gaze roam over four countries at the same time? The Vinarium observation tower is 53.5 metres high and offers stunning 360-degree views of the colourful landscape from the Lendavske Gorice wine country at its foot to the more distant Mura River and the flats and hills across Slovenia, Hungary, Croatia and Austria. The viewing platform can be reached by an elevator or by climbing the 240 steps that lead to it. After you have taken in and photographed the view, and taken a breath-taking selfie 50 metres above ground, you can enjoy local delicacies, wines and juices on the ground floor of the tower.<\/div><div class=\"sohohotel-fixed-height-image-wrapper sohohotel-fixed-height-image-wrapper-right\"><div class=\"sohohotel-fixed-height-image\" style=\"background-image: url(https:\/\/vila-anna.si\/wp-content\/uploads\/2022\/05\/akt-vinarium.jpg); background-size: 600px 372px; height: 372px;\"><\/div><\/div><\/div>[vc_separator color=&#8221;custom&#8221; accent_color=&#8221;#dedede&#8221;][vc_empty_space height=&#8221;45px&#8221;]<div class=\"sohohotel-fixed-height-text-image-wrapper sohohotel-clearfix\"><div class=\"sohohotel-fixed-height-text-wrapper sohohotel-fixed-height-text-wrapper-right\"><h3 class=\"sohohotel-title-28px sohohotel-clearfix sohohotel-title-left\">The Vulkanija Adventure Park<\/h3>Three million years ago, the last volcano in present-day Slovenia erupted in what is today the village of Grad in the hills of Gori\u010dko. It has been brought back to life by the Vulkanija Adventure Park. Here, you will not only learn about the volcano but also get to experience the eruption. Visitors learn many interesting facts about volcanos and geological characteristics of our planet, and above all about the Gori\u010dko hills.<\/div><div class=\"sohohotel-fixed-height-image-wrapper sohohotel-fixed-height-image-wrapper-left\"><div class=\"sohohotel-fixed-height-image\" style=\"background-image: url(https:\/\/vila-anna.si\/wp-content\/uploads\/2022\/05\/akt-vulkanija.jpg); background-size: 600px 372px; height: 372px;\"><\/div><\/div><\/div>[vc_separator color=&#8221;custom&#8221; accent_color=&#8221;#dedede&#8221;][vc_empty_space height=&#8221;45px&#8221;]<div class=\"sohohotel-fixed-height-text-image-wrapper sohohotel-clearfix\"><div class=\"sohohotel-fixed-height-text-wrapper sohohotel-fixed-height-text-wrapper-left\"><h3 class=\"sohohotel-title-28px sohohotel-clearfix sohohotel-title-left\">The Passero Chocolaterie<\/h3>The Passero Chocolaterie is a sweet addition to an old homestead, a story filled with chocolate bars and pralines. Lovingly home-grown ingredients are combined with a lot of imagination and passion to make exquisite chocolates. Here, new experiences are created from old wisdom and fresh inspiration.<\/div><div class=\"sohohotel-fixed-height-image-wrapper sohohotel-fixed-height-image-wrapper-right\"><div class=\"sohohotel-fixed-height-image\" style=\"background-image: url(https:\/\/vila-anna.si\/wp-content\/uploads\/2022\/05\/akt-passero.jpg); background-size: 600px 372px; height: 372px;\"><\/div><\/div><\/div>[vc_separator color=&#8221;custom&#8221; accent_color=&#8221;#dedede&#8221;][vc_empty_space height=&#8221;45px&#8221;]<div class=\"sohohotel-fixed-height-text-image-wrapper sohohotel-clearfix\"><div class=\"sohohotel-fixed-height-text-wrapper sohohotel-fixed-height-text-wrapper-right\"><h3 class=\"sohohotel-title-28px sohohotel-clearfix sohohotel-title-left\">Local landmarks<\/h3><strong>Radenci:<\/strong><br \/>\nThe Slatina springs, the Mura River, the Chapel of St. Ana in the Park, the Church of St. Cyril and Methodius, recreational track in the forest, natural and mineral springs<br \/>\n<strong>Pari\u010djak:<\/strong><br \/>\nThe chapel, the tourist spot Pri Pre\u0161i (at the wine press), the Kapela Kapelski Vrh wine cellar, the Church of St. Mary Magdalene<br \/>\n<strong>Jan\u017eev Vrh:<\/strong><br \/>\nThe chapel at the crossroads, apple orchards and vineyards<br \/>\n<strong>Orehovci:<\/strong><br \/>\nThe 17-century pillar<br \/>\n<strong>Bora\u010deva:<\/strong><br \/>\nThe Radenska bottling plant, the stream, the chapel in the centre in the village, the Zemlji\u010dev and O\u017eekov springs<br \/>\n<strong>Gornja Radgona:<\/strong><br \/>\nThe Stari \u0160pital hall, the castle, the Aleja Velikih walk, the memorial park dedicated to World War I victims, the Lisjakova Struga pond, the Church of St. Peter, the \u0160ahenturm manor and the Mura River<\/div><div class=\"sohohotel-fixed-height-image-wrapper sohohotel-fixed-height-image-wrapper-left\"><div class=\"sohohotel-fixed-height-image\" style=\"background-image: url(https:\/\/vila-anna.si\/wp-content\/uploads\/2022\/05\/akt-vrelec.jpg); background-size: 600px 372px; height: 372px;\"><\/div><\/div><\/div>[vc_separator color=&#8221;custom&#8221; accent_color=&#8221;#dedede&#8221;][vc_empty_space height=&#8221;45px&#8221;]<div class=\"sohohotel-fixed-height-text-image-wrapper sohohotel-clearfix\"><div class=\"sohohotel-fixed-height-text-wrapper sohohotel-fixed-height-text-wrapper-left\"><h3 class=\"sohohotel-title-28px sohohotel-clearfix sohohotel-title-left\">Wine and cuisine<\/h3>Treat yourself to local delicacies and wines at:<\/p>\n<table>\n<tbody>\n<tr>\n<td>* Radgonska klet<\/td>\n<td>* Dvorec Stayer<\/td>\n<\/tr>\n<tr>\n<td>* Hi\u0161a penin Frange\u017e<\/td>\n<td>* Gostilna Rajh<\/td>\n<\/tr>\n<tr>\n<td>* Gostilna Mencinger<\/td>\n<td>* Pivohram Golar<\/td>\n<\/tr>\n<tr>\n<td>* Gosti\u0161\u010de Marof<\/td>\n<td>* Pizzerija Casa del Nonno<\/td>\n<\/tr>\n<tr>\n<td>* Vinoto\u010d Belak<\/td>\n<td>* Gostilna Zorko<\/td>\n<\/tr>\n<tr>\n<td>* Gostilna Adani\u010d<\/td>\n<td>* Bistro Piccolo<\/td>\n<\/tr>\n<tr>\n<td>* Gosti\u0161\u010de Oaza<\/td>\n<td>* Gosti\u0161\u010de Ton\u010dek<\/td>\n<\/tr>\n<tr>\n<td>* Gourmet Kodila<\/td>\n<td>* Jeruzalem Taverna<\/td>\n<\/tr>\n<tr>\n<td>* Vinska klet Jeruzalem Ormo\u017e<\/td>\n<td>* Pizzerija &amp; pivovarna Kostanj<\/td>\n<\/tr>\n<\/tbody>\n<\/table>\n<p>* And many more.<\/div><div class=\"sohohotel-fixed-height-image-wrapper sohohotel-fixed-height-image-wrapper-right\"><div class=\"sohohotel-fixed-height-image\" style=\"background-image: url(https:\/\/vila-anna.si\/wp-content\/uploads\/2022\/05\/akt-kulinarika.jpg); background-size: 600px 372px; height: 372px;\"><\/div><\/div><\/div>[vc_column_text]<\/p>\n<h6 style=\"text-align: center;\"><strong>And explore the wonderful countryside across the Mura River&#8230;<\/strong><\/h6>\n<p>[\/vc_column_text][vc_empty_space height=&#8221;40px&#8221;][\/vc_column][\/vc_row]<\/p>\n","protected":false},"excerpt":{"rendered":"<p>[vc_row fixed_width=&#8221;true&#8221; css=&#8221;.vc_custom_1627562291998{margin-top: 0px !important;margin-bottom: 0px !important;border-top-width: 0px !important;border-bottom-width: 0px !important;padding-top: 10px !important;padding-bottom: 0px !important;}&#8221;][vc_column css=&#8221;.vc_custom_1627562322556{margin-top: 0px !important;margin-bottom: 0px !important;border-top-width: 0px !important;border-bottom-width: 0px !important;padding-top: 0px !important;padding-bottom: 0px !important;}&#8221;][vc_empty_space height=&#8221;45px&#8221;][vc_custom_heading text=&#8221;Activities&#8221; font_container=&#8221;tag:h1|font_size:60px|text_align:center|color:%23cc9966&#8243; google_fonts=&#8221;font_family:Mr%20Bedfort%3Aregular|font_style:400%20regular%3A400%3Anormal&#8221;][vc_empty_space height=&#8221;40px&#8221;][vc_separator color=&#8221;custom&#8221; accent_color=&#8221;#dedede&#8221;][vc_empty_space height=&#8221;45px&#8221;][vc_separator color=&#8221;custom&#8221; accent_color=&#8221;#dedede&#8221;][vc_empty_space height=&#8221;45px&#8221;][vc_separator color=&#8221;custom&#8221; accent_color=&#8221;#dedede&#8221;][vc_empty_space height=&#8221;45px&#8221;][vc_separator color=&#8221;custom&#8221; accent_color=&#8221;#dedede&#8221;][vc_empty_space height=&#8221;45px&#8221;][vc_separator color=&#8221;custom&#8221; accent_color=&#8221;#dedede&#8221;][vc_empty_space height=&#8221;45px&#8221;][vc_separator color=&#8221;custom&#8221; accent_color=&#8221;#dedede&#8221;][vc_empty_space height=&#8221;45px&#8221;][vc_separator color=&#8221;custom&#8221; accent_color=&#8221;#dedede&#8221;][vc_empty_space height=&#8221;45px&#8221;][vc_separator color=&#8221;custom&#8221;<\/p>\n<a href=\"https:\/\/vila-anna.si\/en\/activities\/\" class=\"sohohotel-more-link\">Read More<\/a>","protected":false},"author":1,"featured_media":0,"parent":0,"menu_order":0,"comment_status":"closed","ping_status":"closed","template":"","meta":{"_monsterinsights_skip_tracking":false,"_monsterinsights_sitenote_active":false,"_monsterinsights_sitenote_note":"","_monsterinsights_sitenote_category":0,"footnotes":""},"class_list":["post-1211","page","type-page","status-publish","hentry"],"aioseo_notices":[],"jetpack_sharing_enabled":true,"_links":{"self":[{"href":"https:\/\/vila-anna.si\/en\/wp-json\/wp\/v2\/pages\/1211","targetHints":{"allow":["GET"]}}],"collection":[{"href":"https:\/\/vila-anna.si\/en\/wp-json\/wp\/v2\/pages"}],"about":[{"href":"https:\/\/vila-anna.si\/en\/wp-json\/wp\/v2\/types\/page"}],"author":[{"embeddable":true,"href":"https:\/\/vila-anna.si\/en\/wp-json\/wp\/v2\/users\/1"}],"replies":[{"embeddable":true,"href":"https:\/\/vila-anna.si\/en\/wp-json\/wp\/v2\/comments?post=1211"}],"version-history":[{"count":2,"href":"https:\/\/vila-anna.si\/en\/wp-json\/wp\/v2\/pages\/1211\/revisions"}],"predecessor-version":[{"id":1213,"href":"https:\/\/vila-anna.si\/en\/wp-json\/wp\/v2\/pages\/1211\/revisions\/1213"}],"wp:attachment":[{"href":"https:\/\/vila-anna.si\/en\/wp-json\/wp\/v2\/media?parent=1211"}],"curies":[{"name":"wp","href":"https:\/\/api.w.org\/{rel}","templated":true}]}}